{"id":215,"date":"2018-10-19T09:37:59","date_gmt":"2018-10-19T09:37:59","guid":{"rendered":"https:\/\/chateaudepiche.wpengine.com\/?page_id=215"},"modified":"2024-08-01T14:09:13","modified_gmt":"2024-08-01T14:09:13","slug":"les-alentours","status":"publish","type":"page","link":"https:\/\/www.chateaudepicheny.com\/fr\/les-alentours\/","title":{"rendered":"Les Alentours"},"content":{"rendered":"<div id='full_slider_1'  class='avia-fullwidth-slider main_color avia-shadow   avia-builder-el-0  el_before_av_section  avia-builder-el-first   container_wrap sidebar_right'  ><div  class='avia-slideshow av-lzbcqj2z-d62bafbde083429a7144f733b1d6b99d avia-slideshow-featured_large av_slideshow_full avia-slide-slider av-slideshow-ui av-control-default av-slideshow-manual av-loop-once av-loop-manual-endless av-default-height-applied   avia-slideshow-1' data-slideshow-options=\"{&quot;animation&quot;:&quot;slide&quot;,&quot;autoplay&quot;:false,&quot;loop_autoplay&quot;:&quot;once&quot;,&quot;interval&quot;:5,&quot;loop_manual&quot;:&quot;manual-endless&quot;,&quot;autoplay_stopper&quot;:false,&quot;noNavigation&quot;:false,&quot;bg_slider&quot;:false,&quot;keep_padding&quot;:false,&quot;hoverpause&quot;:false,&quot;show_slide_delay&quot;:0}\"  itemprop=\"image\" itemscope=\"itemscope\" itemtype=\"https:\/\/schema.org\/ImageObject\" ><ul class='avia-slideshow-inner ' style='padding-bottom: 63%;'><li  class='avia-slideshow-slide av-lzbcqj2z-d62bafbde083429a7144f733b1d6b99d__0  av-single-slide slide-1 slide-odd'><div data-rel='slideshow-1' class='avia-slide-wrap '   ><img decoding=\"async\" class=\"wp-image-1012 avia-img-lazy-loading-not-1012\"  src=\"https:\/\/www.chateaudepicheny.com\/wp-content\/uploads\/2024\/08\/20240716_Picheny_Pictures_4-SMALL-1000x630.jpg\" width=\"1000\" height=\"630\" title='20240716_Picheny_Pictures_4 SMALL' alt=''  itemprop=\"thumbnailUrl\"   \/><\/div><\/li><\/ul><\/div><\/div>\n<div id='av_section_1'  class='avia-section av-av_section-2f8a4d5d3ebd9c637093dc8e14b646e9 main_color avia-section-default avia-no-border-styling  avia-builder-el-1  el_after_av_slideshow_full  avia-builder-el-last  avia-bg-style-scroll container_wrap sidebar_right'  ><div class='container av-section-cont-open' ><div class='template-page content  av-content-small alpha units'><div class='post-entry post-entry-type-page post-entry-215'><div class='entry-content-wrapper clearfix'>\n\n<style type=\"text\/css\" data-created_by=\"avia_inline_auto\" id=\"style-css-av-av_one_fifth-15d750bd1b332b34c6e70b077ebbccdf\">\n.flex_column.av-av_one_fifth-15d750bd1b332b34c6e70b077ebbccdf{\n-webkit-border-radius:0px 0px 0px 0px;\n-moz-border-radius:0px 0px 0px 0px;\nborder-radius:0px 0px 0px 0px;\npadding:0px 0px 0px 0px;\n}\n<\/style>\n<div class='flex_column av-av_one_fifth-15d750bd1b332b34c6e70b077ebbccdf av_one_fifth  avia-builder-el-2  el_before_av_three_fifth  avia-builder-el-first  first flex_column_div av-zero-column-padding '     ><\/div>\n<style type=\"text\/css\" data-created_by=\"avia_inline_auto\" id=\"style-css-av-av_three_fifth-c8fc129dc35fd1ae2a1e410224d39ea8\">\n.flex_column.av-av_three_fifth-c8fc129dc35fd1ae2a1e410224d39ea8{\n-webkit-border-radius:0px 0px 0px 0px;\n-moz-border-radius:0px 0px 0px 0px;\nborder-radius:0px 0px 0px 0px;\npadding:0px 0px 0px 0px;\n}\n<\/style>\n<div class='flex_column av-av_three_fifth-c8fc129dc35fd1ae2a1e410224d39ea8 av_three_fifth  avia-builder-el-3  el_after_av_one_fifth  el_before_av_one_fifth  flex_column_div av-zero-column-padding '     ><p>\n<style type=\"text\/css\" data-created_by=\"avia_inline_auto\" id=\"style-css-av-av_heading-764a15475891c5a1dd847f4abde17f08\">\n#top .av-special-heading.av-av_heading-764a15475891c5a1dd847f4abde17f08{\npadding-bottom:10px;\n}\nbody .av-special-heading.av-av_heading-764a15475891c5a1dd847f4abde17f08 .av-special-heading-tag .heading-char{\nfont-size:25px;\n}\n.av-special-heading.av-av_heading-764a15475891c5a1dd847f4abde17f08 .av-subheading{\nfont-size:15px;\n}\n<\/style>\n<div  class='av-special-heading av-av_heading-764a15475891c5a1dd847f4abde17f08 av-special-heading-h2 blockquote modern-quote modern-centered  avia-builder-el-4  el_before_av_hr  avia-builder-el-first '><h2 class='av-special-heading-tag'  itemprop=\"headline\"  >Les Alentours<\/h2><div class=\"special-heading-border\"><div class=\"special-heading-inner-border\"><\/div><\/div><\/div><br \/>\n\n<style type=\"text\/css\" data-created_by=\"avia_inline_auto\" id=\"style-css-av-av_hr-2c83874d4081464b4b8abcdb9be7a309\">\n#top .hr.av-av_hr-2c83874d4081464b4b8abcdb9be7a309{\nmargin-top:-10px;\nmargin-bottom:20px;\n}\n.hr.av-av_hr-2c83874d4081464b4b8abcdb9be7a309 .hr-inner{\nwidth:70px;\n}\n<\/style>\n<div  class='hr av-av_hr-2c83874d4081464b4b8abcdb9be7a309 hr-custom  avia-builder-el-5  el_after_av_heading  el_before_av_textblock  hr-center hr-icon-no'><span class='hr-inner inner-border-av-border-thin'><span class=\"hr-inner-style\"><\/span><\/span><\/div><br \/>\n<section  class='av_textblock_section av-av_textblock-2bd894dbf2e4bf2c4acf98ce4fbf94aa'  itemscope=\"itemscope\" itemtype=\"https:\/\/schema.org\/CreativeWork\" ><div class='avia_textblock'  itemprop=\"text\" ><ul>\n<li>Les Portes de la Champagne et Route Touristique du Champagne<\/li>\n<li>D\u00e9gustations du Champagne<\/li>\n<li>D\u00e9couverte des ch\u00e2teaux<\/li>\n<li>Tour en cal\u00e8che, \u2018la petite Suisse du pays de Cond\u00e9 en Brie\u2019 (Hameau de Picheny)\u2019<\/li>\n<li>Visite guid\u00e9e de la \u00e9glise Saint Martin de Montlevon (11<sup>i\u00e8me<\/sup>si\u00e8cle)<\/li>\n<li>Les randonn\u00e9es aux pays des Claudel et Jean de la Fontaine<\/li>\n<li>Entre Napol\u00e9on et la Premi\u00e8re Guerre Mondiale, vous percerez les secrets de ces lieux de m\u00e9moire<\/li>\n<li>La bataille du bois de Belleau<\/li>\n<li>Golf de Champagne, 18 holes<\/li>\n<\/ul>\n<\/div><\/section><br \/>\n<div  class='av_gmaps_sc_main_wrap av_gmaps_main_wrap '><div id='av_gmap_0' class='avia-google-map-container avia-google-map-sc av_gmaps_show_unconditionally av-no-fallback-img ' data-mapid='av_gmap_0'  style='height: 400px;'><a class=\"av_gmaps_browser_disabled av_text_confirm_link av_text_confirm_link_visible\" href=\"https:\/\/www.google.com\/maps\/search\/?api=1&#038;query=2%20Rue%20du%20Ch\u00e2teau%20%20Montlevon%20%20France\" target=\"_blank\" rel=\"noopener\">Maps were disabled by the visitor on this site. Click to open the map in a new window.<\/a><\/div><\/div><br \/>\n\n<style type=\"text\/css\" data-created_by=\"avia_inline_auto\" id=\"style-css-av-av_hr-52b99614f1db0890c6e11e182627758b\">\n#top .hr.hr-invisible.av-av_hr-52b99614f1db0890c6e11e182627758b{\nheight:20px;\n}\n<\/style>\n<div  class='hr av-av_hr-52b99614f1db0890c6e11e182627758b hr-invisible  avia-builder-el-8  el_after_av_google_map  el_before_av_hr  avia-builder-el-first '><span class='hr-inner '><span class=\"hr-inner-style\"><\/span><\/span><\/div><br \/>\n<div  class='hr av-av_hr-d3e956e659807e0430cc7042c9a93333 hr-short  avia-builder-el-9  el_after_av_hr  avia-builder-el-last  hr-center'><span class='hr-inner '><span class=\"hr-inner-style\"><\/span><\/span><\/div><\/p><\/div>\n<style type=\"text\/css\" data-created_by=\"avia_inline_auto\" id=\"style-css-av-av_one_fifth-c8fc129dc35fd1ae2a1e410224d39ea8\">\n.flex_column.av-av_one_fifth-c8fc129dc35fd1ae2a1e410224d39ea8{\n-webkit-border-radius:0px 0px 0px 0px;\n-moz-border-radius:0px 0px 0px 0px;\nborder-radius:0px 0px 0px 0px;\npadding:0px 0px 0px 0px;\n}\n<\/style>\n<div class='flex_column av-av_one_fifth-c8fc129dc35fd1ae2a1e410224d39ea8 av_one_fifth  avia-builder-el-10  el_after_av_three_fifth  avia-builder-el-last  flex_column_div av-zero-column-padding '     ><\/div>\n<\/div><\/div><\/div><!-- close content main div --><\/div><\/div><div id='after_section_1'  class='main_color av_default_container_wrap container_wrap sidebar_right'  ><div class='container av-section-cont-open' ><div class='template-page content  av-content-small alpha units'><div class='post-entry post-entry-type-page post-entry-215'><div class='entry-content-wrapper clearfix'>\n","protected":false},"excerpt":{"rendered":"","protected":false},"author":2,"featured_media":0,"parent":0,"menu_order":0,"comment_status":"closed","ping_status":"closed","template":"","meta":{"footnotes":""},"class_list":["post-215","page","type-page","status-publish","hentry"],"yoast_head":"<!-- This site is optimized with the Yoast SEO plugin v26.5 - https:\/\/yoast.com\/wordpress\/plugins\/seo\/ -->\n<title>Les Alentours - Ch\u00e2teau De Picheny<\/title>\n<meta name=\"robots\" content=\"index, follow, max-snippet:-1, max-image-preview:large, max-video-preview:-1\" \/>\n<link rel=\"canonical\" href=\"https:\/\/www.chateaudepicheny.com\/fr\/les-alentours\/\" \/>\n<meta property=\"og:locale\" content=\"fr_FR\" \/>\n<meta property=\"og:type\" content=\"article\" \/>\n<meta property=\"og:title\" content=\"Les Alentours - Ch\u00e2teau De Picheny\" \/>\n<meta property=\"og:url\" content=\"https:\/\/www.chateaudepicheny.com\/fr\/les-alentours\/\" \/>\n<meta property=\"og:site_name\" content=\"Ch\u00e2teau De Picheny\" \/>\n<meta property=\"article:modified_time\" content=\"2024-08-01T14:09:13+00:00\" \/>\n<meta name=\"twitter:card\" content=\"summary_large_image\" \/>\n<meta name=\"twitter:label1\" content=\"Est. reading time\" \/>\n\t<meta name=\"twitter:data1\" content=\"1 minute\" \/>\n<script type=\"application\/ld+json\" class=\"yoast-schema-graph\">{\"@context\":\"https:\/\/schema.org\",\"@graph\":[{\"@type\":\"WebPage\",\"@id\":\"https:\/\/www.chateaudepicheny.com\/fr\/les-alentours\/\",\"url\":\"https:\/\/www.chateaudepicheny.com\/fr\/les-alentours\/\",\"name\":\"Les Alentours - Ch\u00e2teau De Picheny\",\"isPartOf\":{\"@id\":\"https:\/\/www.chateaudepicheny.com\/#website\"},\"datePublished\":\"2018-10-19T09:37:59+00:00\",\"dateModified\":\"2024-08-01T14:09:13+00:00\",\"breadcrumb\":{\"@id\":\"https:\/\/www.chateaudepicheny.com\/fr\/les-alentours\/#breadcrumb\"},\"inLanguage\":\"fr-FR\",\"potentialAction\":[{\"@type\":\"ReadAction\",\"target\":[\"https:\/\/www.chateaudepicheny.com\/fr\/les-alentours\/\"]}]},{\"@type\":\"BreadcrumbList\",\"@id\":\"https:\/\/www.chateaudepicheny.com\/fr\/les-alentours\/#breadcrumb\",\"itemListElement\":[{\"@type\":\"ListItem\",\"position\":1,\"name\":\"Home\",\"item\":\"https:\/\/www.chateaudepicheny.com\/fr\/home\/\"},{\"@type\":\"ListItem\",\"position\":2,\"name\":\"Les Alentours\"}]},{\"@type\":\"WebSite\",\"@id\":\"https:\/\/www.chateaudepicheny.com\/#website\",\"url\":\"https:\/\/www.chateaudepicheny.com\/\",\"name\":\"Ch\u00e2teau De Picheny\",\"description\":\"Ch\u00e2teau De Picheny\",\"potentialAction\":[{\"@type\":\"SearchAction\",\"target\":{\"@type\":\"EntryPoint\",\"urlTemplate\":\"https:\/\/www.chateaudepicheny.com\/?s={search_term_string}\"},\"query-input\":{\"@type\":\"PropertyValueSpecification\",\"valueRequired\":true,\"valueName\":\"search_term_string\"}}],\"inLanguage\":\"fr-FR\"}]}<\/script>\n<!-- \/ Yoast SEO plugin. -->","yoast_head_json":{"title":"Les Alentours - Ch\u00e2teau De Picheny","robots":{"index":"index","follow":"follow","max-snippet":"max-snippet:-1","max-image-preview":"max-image-preview:large","max-video-preview":"max-video-preview:-1"},"canonical":"https:\/\/www.chateaudepicheny.com\/fr\/les-alentours\/","og_locale":"fr_FR","og_type":"article","og_title":"Les Alentours - Ch\u00e2teau De Picheny","og_url":"https:\/\/www.chateaudepicheny.com\/fr\/les-alentours\/","og_site_name":"Ch\u00e2teau De Picheny","article_modified_time":"2024-08-01T14:09:13+00:00","twitter_card":"summary_large_image","twitter_misc":{"Est. reading time":"1 minute"},"schema":{"@context":"https:\/\/schema.org","@graph":[{"@type":"WebPage","@id":"https:\/\/www.chateaudepicheny.com\/fr\/les-alentours\/","url":"https:\/\/www.chateaudepicheny.com\/fr\/les-alentours\/","name":"Les Alentours - Ch\u00e2teau De Picheny","isPartOf":{"@id":"https:\/\/www.chateaudepicheny.com\/#website"},"datePublished":"2018-10-19T09:37:59+00:00","dateModified":"2024-08-01T14:09:13+00:00","breadcrumb":{"@id":"https:\/\/www.chateaudepicheny.com\/fr\/les-alentours\/#breadcrumb"},"inLanguage":"fr-FR","potentialAction":[{"@type":"ReadAction","target":["https:\/\/www.chateaudepicheny.com\/fr\/les-alentours\/"]}]},{"@type":"BreadcrumbList","@id":"https:\/\/www.chateaudepicheny.com\/fr\/les-alentours\/#breadcrumb","itemListElement":[{"@type":"ListItem","position":1,"name":"Home","item":"https:\/\/www.chateaudepicheny.com\/fr\/home\/"},{"@type":"ListItem","position":2,"name":"Les Alentours"}]},{"@type":"WebSite","@id":"https:\/\/www.chateaudepicheny.com\/#website","url":"https:\/\/www.chateaudepicheny.com\/","name":"Ch\u00e2teau De Picheny","description":"Ch\u00e2teau De Picheny","potentialAction":[{"@type":"SearchAction","target":{"@type":"EntryPoint","urlTemplate":"https:\/\/www.chateaudepicheny.com\/?s={search_term_string}"},"query-input":{"@type":"PropertyValueSpecification","valueRequired":true,"valueName":"search_term_string"}}],"inLanguage":"fr-FR"}]}},"_links":{"self":[{"href":"https:\/\/www.chateaudepicheny.com\/fr\/wp-json\/wp\/v2\/pages\/215","targetHints":{"allow":["GET"]}}],"collection":[{"href":"https:\/\/www.chateaudepicheny.com\/fr\/wp-json\/wp\/v2\/pages"}],"about":[{"href":"https:\/\/www.chateaudepicheny.com\/fr\/wp-json\/wp\/v2\/types\/page"}],"author":[{"embeddable":true,"href":"https:\/\/www.chateaudepicheny.com\/fr\/wp-json\/wp\/v2\/users\/2"}],"replies":[{"embeddable":true,"href":"https:\/\/www.chateaudepicheny.com\/fr\/wp-json\/wp\/v2\/comments?post=215"}],"version-history":[{"count":0,"href":"https:\/\/www.chateaudepicheny.com\/fr\/wp-json\/wp\/v2\/pages\/215\/revisions"}],"wp:attachment":[{"href":"https:\/\/www.chateaudepicheny.com\/fr\/wp-json\/wp\/v2\/media?parent=215"}],"curies":[{"name":"wp","href":"https:\/\/api.w.org\/{rel}","templated":true}]}}